{"id":65,"date":"2023-10-24T16:25:01","date_gmt":"2023-10-24T14:25:01","guid":{"rendered":"https:\/\/cibuk2.rs\/cibuk-2\/o-vetroparku-cibuk-2\/"},"modified":"2026-05-11T14:10:10","modified_gmt":"2026-05-11T12:10:10","slug":"about-cibuk-2-windfram","status":"publish","type":"page","link":"https:\/\/cibuk2.rs\/en\/cibuk-2\/about-cibuk-2-windfram\/","title":{"rendered":"About \u010cibuk 2 windfram"},"content":{"rendered":"\n<p>Masdar Taaleri Generation and \u010cibuk 2 Wind Energy are pleased to present the second phase of the \u010cibuk project \u2013 the \u010cibuk 2 wind farm with a capacity of 155 megawatts. Located southeast of the existing \u010cibuk 1 wind farm, \u010cibuk 2 is being constructed approximately 40 kilometers from Belgrade, in the municipality of Kovin, in the Vojvodina region. <\/p>\n\n\n\n<p>It is positioned between the villages of Bavani\u0161te and Mramorak, with the village of Dolovo a few kilometers to the north and the village of Deliblato a few kilometers to the southeast. Construction of the \u010cibuk 2 wind farm began in 2024, and commissioning is expected during 2026.<\/p>\n\n\n\n<p>With a combined capacity of 313 megawatts of renewable, green energy, the \u010cibuk 1 and \u010cibuk 2 wind farms make a significant contribution to the Republic of Serbia\u2019s international commitments to reduce carbon dioxide emissions, as well as to its goals of diversifying energy sources within the national energy system. The \u010cibuk 2 wind farm is expected to generate approximately 400,000 megawatt-hours of electricity annually, supplying enough power for more than 62,000 households. On an annual basis, it will contribute to reducing carbon dioxide emissions by approximately 311,200 tonnes compared to electricity generation from coal-fired power plants. It will also help reduce emissions of sulfur dioxide by around 12,700 tonnes, nitrogen oxides by 1,470 tonnes, and fine particulate matter by 512 tonnes per year.<\/p>\n\n\n\n<figure data-wp-context=\"{&quot;imageId&quot;:&quot;6a033f98ae9f3&quot;}\" data-wp-interactive=\"core\/image\" data-wp-key=\"6a033f98ae9f3\" class=\"wp-block-image size-full wp-lightbox-container\"><img loading=\"lazy\" decoding=\"async\" width=\"1200\" height=\"885\" data-wp-class--hide=\"state.isContentHidden\" data-wp-class--show=\"state.isContentVisible\" data-wp-init=\"callbacks.setButtonStyles\" data-wp-on--click=\"actions.showLightbox\" data-wp-on--load=\"callbacks.setButtonStyles\" data-wp-on-window--resize=\"callbacks.setButtonStyles\" src=\"https:\/\/cibuk2.rs\/wp-content\/uploads\/2023\/11\/mapa-Cibuk-2.jpg\" alt=\"\" class=\"wp-image-146\" srcset=\"https:\/\/cibuk2.rs\/wp-content\/uploads\/2023\/11\/mapa-Cibuk-2.jpg 1200w, https:\/\/cibuk2.rs\/wp-content\/uploads\/2023\/11\/mapa-Cibuk-2-300x221.jpg 300w, https:\/\/cibuk2.rs\/wp-content\/uploads\/2023\/11\/mapa-Cibuk-2-1024x755.jpg 1024w, https:\/\/cibuk2.rs\/wp-content\/uploads\/2023\/11\/mapa-Cibuk-2-768x566.jpg 768w\" sizes=\"auto, (max-width: 1200px) 100vw, 1200px\" \/><button\n\t\t\tclass=\"lightbox-trigger\"\n\t\t\ttype=\"button\"\n\t\t\taria-haspopup=\"dialog\"\n\t\t\taria-label=\"Enlarge\"\n\t\t\tdata-wp-init=\"callbacks.initTriggerButton\"\n\t\t\tdata-wp-on--click=\"actions.showLightbox\"\n\t\t\tdata-wp-style--right=\"state.imageButtonRight\"\n\t\t\tdata-wp-style--top=\"state.imageButtonTop\"\n\t\t>\n\t\t\t<svg xmlns=\"http:\/\/www.w3.org\/2000\/svg\" width=\"12\" height=\"12\" fill=\"none\" viewBox=\"0 0 12 12\">\n\t\t\t\t<path fill=\"#fff\" d=\"M2 0a2 2 0 0 0-2 2v2h1.5V2a.5.5 0 0 1 .5-.5h2V0H2Zm2 10.5H2a.5.5 0 0 1-.5-.5V8H0v2a2 2 0 0 0 2 2h2v-1.5ZM8 12v-1.5h2a.5.5 0 0 0 .5-.5V8H12v2a2 2 0 0 1-2 2H8Zm2-12a2 2 0 0 1 2 2v2h-1.5V2a.5.5 0 0 0-.5-.5H8V0h2Z\" \/>\n\t\t\t<\/svg>\n\t\t<\/button><\/figure>\n\n\n\n<p>The \u010cibuk 2 wind farm site covers approximately 4,750 hectares of land that is intensively used for agricultural purposes. After construction, the wind farm occupies only a small portion of this area, allowing more than 99% of the land to continue to be used without disruption.<\/p>\n\n\n\n<p>The \u010cibuk 2 project continues to support local community initiatives, as well as educational and philanthropic projects, through its Social Investment Plan. During the operational phase, this plan is implemented through an annual donation of 2% of net profit, in accordance with the business and technical cooperation agreement signed between \u010cibuk 2 Wind Energy and the Municipality of Kovin in 2022. These funds are allocated to local projects in the areas of healthcare, education, sports, infrastructure, and culture.<\/p>\n\n\n\n<hr class=\"wp-block-separator has-alpha-channel-opacity\"\/>\n\n\n\n<p><\/p>\n\n\n\n<div class=\"wp-block-columns is-not-stacked-on-mobile is-layout-flex wp-container-core-columns-is-layout-9d6595d7 wp-block-columns-is-layout-flex\">\n<div class=\"wp-block-column is-vertically-aligned-center is-layout-flow wp-block-column-is-layout-flow\" style=\"flex-basis:12%\" id=\"flageu\">\n<figure class=\"wp-block-image size-full is-resized\"><img loading=\"lazy\" decoding=\"async\" width=\"70\" height=\"46\" src=\"https:\/\/cibuk2.rs\/wp-content\/uploads\/2025\/02\/eu-logo-1.png\" alt=\"\" class=\"wp-image-302\" style=\"width:70px\"\/><\/figure>\n<\/div>\n\n\n\n<div class=\"wp-block-column is-vertically-aligned-center is-layout-flow wp-block-column-is-layout-flow\" style=\"flex-basis:12%\" id=\"flageu\">\n<figure class=\"wp-block-image size-full is-resized\"><img loading=\"lazy\" decoding=\"async\" width=\"600\" height=\"482\" src=\"https:\/\/cibuk2.rs\/wp-content\/uploads\/2025\/04\/eu-flag.png\" alt=\"\" class=\"wp-image-330\" style=\"width:70px\" srcset=\"https:\/\/cibuk2.rs\/wp-content\/uploads\/2025\/04\/eu-flag.png 600w, https:\/\/cibuk2.rs\/wp-content\/uploads\/2025\/04\/eu-flag-300x241.png 300w\" sizes=\"auto, (max-width: 600px) 100vw, 600px\" \/><\/figure>\n<\/div>\n\n\n\n<div class=\"wp-block-column is-vertically-aligned-center is-layout-flow wp-block-column-is-layout-flow\" style=\"flex-basis:70%\">\n<p style=\"font-size:16px\">This operation benefits from the support from the European Union under the InvestEU Fund.<\/p>\n<\/div>\n<\/div>\n","protected":false},"excerpt":{"rendered":"<p>Masdar Taaleri Generation and \u010cibuk 2 Wind Energy are pleased to present the second phase of the \u010cibuk project \u2013 the \u010cibuk 2 wind farm with a capacity of 155 megawatts. Located southeast of the existing \u010cibuk 1 wind farm, \u010cibuk 2 is being constructed approximately 40 kilometers from Belgrade, in the municipality of Kovin, [&hellip;]<\/p>\n","protected":false},"author":1,"featured_media":75,"parent":63,"menu_order":0,"comment_status":"closed","ping_status":"closed","template":"","meta":{"_acf_changed":false,"footnotes":""},"class_list":["post-65","page","type-page","status-publish","has-post-thumbnail","hentry"],"acf":[],"_links":{"self":[{"href":"https:\/\/cibuk2.rs\/en\/wp-json\/wp\/v2\/pages\/65","targetHints":{"allow":["GET"]}}],"collection":[{"href":"https:\/\/cibuk2.rs\/en\/wp-json\/wp\/v2\/pages"}],"about":[{"href":"https:\/\/cibuk2.rs\/en\/wp-json\/wp\/v2\/types\/page"}],"author":[{"embeddable":true,"href":"https:\/\/cibuk2.rs\/en\/wp-json\/wp\/v2\/users\/1"}],"replies":[{"embeddable":true,"href":"https:\/\/cibuk2.rs\/en\/wp-json\/wp\/v2\/comments?post=65"}],"version-history":[{"count":6,"href":"https:\/\/cibuk2.rs\/en\/wp-json\/wp\/v2\/pages\/65\/revisions"}],"predecessor-version":[{"id":384,"href":"https:\/\/cibuk2.rs\/en\/wp-json\/wp\/v2\/pages\/65\/revisions\/384"}],"up":[{"embeddable":true,"href":"https:\/\/cibuk2.rs\/en\/wp-json\/wp\/v2\/pages\/63"}],"wp:featuredmedia":[{"embeddable":true,"href":"https:\/\/cibuk2.rs\/en\/wp-json\/wp\/v2\/media\/75"}],"wp:attachment":[{"href":"https:\/\/cibuk2.rs\/en\/wp-json\/wp\/v2\/media?parent=65"}],"curies":[{"name":"wp","href":"https:\/\/api.w.org\/{rel}","templated":true}]}}